{"id":81,"date":"2018-04-01T11:28:56","date_gmt":"2018-04-01T09:28:56","guid":{"rendered":"http:\/\/beta.loirepourtous.net\/index.php\/hestia-front\/"},"modified":"2022-03-14T09:25:05","modified_gmt":"2022-03-14T08:25:05","slug":"hestia-front","status":"publish","type":"page","link":"https:\/\/www.loirepourtous.net\/","title":{"rendered":"Notre Loire"},"content":{"rendered":"\n<p>La Loire est le plus long et le plus beau fleuve de France, il fait plus de 1000 km en longueur. Non sans raison, elle est surnomm\u00e9e le Fleuve Royal, ceci est d\u00fb \u00e0 sa majest\u00e9 et \u00e0 la beaut\u00e9 de ch\u00e2teaux qui ont \u00e9t\u00e9 \u00e9difi\u00e9s sur ses rives. LOIRE POUR TOUS est une association de passionn\u00e9s de bateaux ouverte \u00e0 tous. Nous nous r\u00e9unissons tous les samedis matin et mardis apr\u00e8s-midis de l\u2019ann\u00e9e sur la plage de St S\u00e9bastien sur Loire de fa\u00e7on conviviale afin de travailler sur les diff\u00e9rents bateaux de la plage (voir nos <a href=\"http:\/\/beta.loirepourtous.net\/index.php\/albums-photos\/\">albums photos<\/a> et notre page <a href=\"https:\/\/www.facebook.com\/lpt44\" target=\"_blank\" rel=\"noopener\">Facebook<\/a>), pr\u00e9parer les diff\u00e9rents \u00e9v\u00e8nements que nous organisons chaque ann\u00e9e tels que les guinguettes, les puces nautiques de Saint S\u00e9bastien sur Loire, les enchant\u00e9s sur l\u2019\u00eele de Loire et la journ\u00e9e du patrimoine.<\/p>\n","protected":false},"excerpt":{"rendered":"<p>La Loire est le plus long et le plus beau fleuve de France, il fait plus de 1000 km en longueur. Non sans raison, elle est surnomm\u00e9e le Fleuve Royal, [&hellip;]<\/p>\n","protected":false},"author":1,"featured_media":0,"parent":0,"menu_order":0,"comment_status":"closed","ping_status":"closed","template":"","meta":{"_exactmetrics_skip_tracking":false,"_exactmetrics_sitenote_active":false,"_exactmetrics_sitenote_note":"","_exactmetrics_sitenote_category":0,"ngg_post_thumbnail":0,"jetpack_post_was_ever_published":false,"footnotes":""},"class_list":["post-81","page","type-page","status-publish","hentry"],"jetpack_sharing_enabled":true,"jetpack_shortlink":"https:\/\/wp.me\/P9NwNE-1j","jetpack_likes_enabled":true,"jetpack-related-posts":[],"_links":{"self":[{"href":"https:\/\/www.loirepourtous.net\/index.php\/wp-json\/wp\/v2\/pages\/81","targetHints":{"allow":["GET"]}}],"collection":[{"href":"https:\/\/www.loirepourtous.net\/index.php\/wp-json\/wp\/v2\/pages"}],"about":[{"href":"https:\/\/www.loirepourtous.net\/index.php\/wp-json\/wp\/v2\/types\/page"}],"author":[{"embeddable":true,"href":"https:\/\/www.loirepourtous.net\/index.php\/wp-json\/wp\/v2\/users\/1"}],"replies":[{"embeddable":true,"href":"https:\/\/www.loirepourtous.net\/index.php\/wp-json\/wp\/v2\/comments?post=81"}],"version-history":[{"count":21,"href":"https:\/\/www.loirepourtous.net\/index.php\/wp-json\/wp\/v2\/pages\/81\/revisions"}],"predecessor-version":[{"id":1448,"href":"https:\/\/www.loirepourtous.net\/index.php\/wp-json\/wp\/v2\/pages\/81\/revisions\/1448"}],"wp:attachment":[{"href":"https:\/\/www.loirepourtous.net\/index.php\/wp-json\/wp\/v2\/media?parent=81"}],"curies":[{"name":"wp","href":"https:\/\/api.w.org\/{rel}","templated":true}]}}